{"id":2176,"date":"2019-10-28T04:45:37","date_gmt":"2019-10-28T09:45:37","guid":{"rendered":"http:\/\/www.nationalshunt.com\/?page_id=2176"},"modified":"2019-11-20T13:52:13","modified_gmt":"2019-11-20T19:52:13","slug":"page-de-renvoi","status":"publish","type":"page","link":"https:\/\/www.nationalshunt.com\/frn\/page-de-renvoi\/","title":{"rendered":"Page de r\u00e9f\u00e9rence"},"content":{"rendered":"","protected":true},"excerpt":{"rendered":"","protected":true},"author":30,"featured_media":0,"parent":0,"menu_order":10,"comment_status":"closed","ping_status":"closed","template":"template-protected-password.php","meta":{"_acf_changed":false,"inline_featured_image":false,"footnotes":""},"class_list":["post-2176","page","type-page","status-publish","post-password-required","hentry"],"acf":[],"yoast_head":"<!-- This site is optimized with the Yoast SEO plugin v27.5 - https:\/\/yoast.com\/product\/yoast-seo-wordpress\/ -->\n<title>Referral Page | National Shunt Service<\/title>\n<meta name=\"robots\" content=\"noindex, follow\" \/>\n<meta property=\"og:locale\" content=\"fr_CA\" class=\"yoast-seo-meta-tag\" \/>\n<meta property=\"og:type\" content=\"article\" class=\"yoast-seo-meta-tag\" \/>\n<meta property=\"og:title\" content=\"Referral Page | National Shunt Service\" class=\"yoast-seo-meta-tag\" \/>\n<meta property=\"og:description\" content=\"Il n\u2019y pas d\u2019extrait, car cet article est prot\u00e9g\u00e9.\" class=\"yoast-seo-meta-tag\" \/>\n<meta property=\"og:url\" content=\"https:\/\/www.nationalshunt.com\/frn\/page-de-renvoi\/\" class=\"yoast-seo-meta-tag\" \/>\n<meta property=\"og:site_name\" content=\"National Shunt Service\" class=\"yoast-seo-meta-tag\" \/>\n<meta property=\"article:modified_time\" content=\"2019-11-20T19:52:13+00:00\" class=\"yoast-seo-meta-tag\" \/>\n<meta name=\"twitter:card\" content=\"summary_large_image\" class=\"yoast-seo-meta-tag\" \/>\n<!-- \/ Yoast SEO plugin. -->","yoast_head_json":{"title":"Page de r\u00e9f\u00e9rence - Service national de d\u00e9rivation","robots":{"index":"noindex","follow":"follow"},"og_locale":"fr_CA","og_type":"article","og_title":"Referral Page | National Shunt Service","og_description":"Il n\u2019y pas d\u2019extrait, car cet article est prot\u00e9g\u00e9.","og_url":"https:\/\/www.nationalshunt.com\/frn\/page-de-renvoi\/","og_site_name":"National Shunt Service","article_modified_time":"2019-11-20T19:52:13+00:00","twitter_card":"summary_large_image","schema":{"@context":"https:\/\/schema.org","@graph":[{"@type":"WebPage","@id":"https:\/\/www.nationalshunt.com\/referral-page\/","url":"https:\/\/www.nationalshunt.com\/referral-page\/","name":"Page de r\u00e9f\u00e9rence - Service national de d\u00e9rivation","isPartOf":{"@id":"https:\/\/www.nationalshunt.com\/#website"},"datePublished":"2019-10-28T09:45:37+00:00","dateModified":"2019-11-20T19:52:13+00:00","breadcrumb":{"@id":"https:\/\/www.nationalshunt.com\/referral-page\/#breadcrumb"},"inLanguage":"fr-CA"},{"@type":"WebSite","@id":"https:\/\/www.nationalshunt.com\/#website","url":"https:\/\/www.nationalshunt.com\/","name":"Service national de shunt","description":"","potentialAction":[{"@type":"SearchAction","target":{"@type":"EntryPoint","urlTemplate":"https:\/\/www.nationalshunt.com\/?s={search_term_string}"},"query-input":{"@type":"PropertyValueSpecification","valueRequired":true,"valueName":"search_term_string"}}],"inLanguage":"fr-CA"}]}},"_links":{"self":[{"href":"https:\/\/www.nationalshunt.com\/frn\/wp-json\/wp\/v2\/pages\/2176","targetHints":{"allow":["GET"]}}],"collection":[{"href":"https:\/\/www.nationalshunt.com\/frn\/wp-json\/wp\/v2\/pages"}],"about":[{"href":"https:\/\/www.nationalshunt.com\/frn\/wp-json\/wp\/v2\/types\/page"}],"author":[{"embeddable":true,"href":"https:\/\/www.nationalshunt.com\/frn\/wp-json\/wp\/v2\/users\/30"}],"replies":[{"embeddable":true,"href":"https:\/\/www.nationalshunt.com\/frn\/wp-json\/wp\/v2\/comments?post=2176"}],"version-history":[{"count":0,"href":"https:\/\/www.nationalshunt.com\/frn\/wp-json\/wp\/v2\/pages\/2176\/revisions"}],"wp:attachment":[{"href":"https:\/\/www.nationalshunt.com\/frn\/wp-json\/wp\/v2\/media?parent=2176"}],"curies":[{"name":"wp","href":"https:\/\/api.w.org\/{rel}","templated":true}]}}