{"id":1833,"date":"2018-12-03T13:50:52","date_gmt":"2018-12-03T19:50:52","guid":{"rendered":"http:\/\/www.nationalshunt.com\/?page_id=1833"},"modified":"2022-11-18T12:19:46","modified_gmt":"2022-11-18T18:19:46","slug":"livre-blanc-merci","status":"publish","type":"page","link":"https:\/\/www.nationalshunt.com\/frn\/livre-blanc-merci\/","title":{"rendered":"Merci d'avoir t\u00e9l\u00e9charg\u00e9 notre livre blanc"},"content":{"rendered":"<p style=\"text-align: left;\">Veuillez v\u00e9rifier votre bo\u00eete aux lettres \u00e9lectronique pour obtenir un lien de t\u00e9l\u00e9chargement du livre blanc ou cliquez sur le lien de t\u00e9l\u00e9chargement ci-dessous.<\/p>","protected":false},"excerpt":{"rendered":"<p>Veuillez v\u00e9rifier votre bo\u00eete aux lettres \u00e9lectronique pour obtenir un lien de t\u00e9l\u00e9chargement du livre blanc ou cliquez sur le lien de t\u00e9l\u00e9chargement ci-dessous.<\/p>","protected":false},"author":13,"featured_media":0,"parent":0,"menu_order":13,"comment_status":"closed","ping_status":"closed","template":"template-thank-you.php","meta":{"_acf_changed":false,"inline_featured_image":false,"footnotes":""},"class_list":["post-1833","page","type-page","status-publish","hentry"],"acf":[],"yoast_head":"<!-- This site is optimized with the Yoast SEO plugin v27.0 - https:\/\/yoast.com\/product\/yoast-seo-wordpress\/ -->\n<title>Thank you for downloading our white paper | National Shunt Service<\/title>\n<meta name=\"robots\" content=\"noindex, follow\" \/>\n<meta property=\"og:locale\" content=\"fr_CA\" class=\"yoast-seo-meta-tag\" \/>\n<meta property=\"og:type\" content=\"article\" class=\"yoast-seo-meta-tag\" \/>\n<meta property=\"og:title\" content=\"Thank you for downloading our white paper | National Shunt Service\" class=\"yoast-seo-meta-tag\" \/>\n<meta property=\"og:description\" content=\"Please check your email inbox for a link to download the white paper or click the download link below.\" class=\"yoast-seo-meta-tag\" \/>\n<meta property=\"og:url\" content=\"https:\/\/www.nationalshunt.com\/frn\/livre-blanc-merci\/\" class=\"yoast-seo-meta-tag\" \/>\n<meta property=\"og:site_name\" content=\"National Shunt Service\" class=\"yoast-seo-meta-tag\" \/>\n<meta property=\"article:modified_time\" content=\"2022-11-18T18:19:46+00:00\" class=\"yoast-seo-meta-tag\" \/>\n<meta name=\"twitter:card\" content=\"summary_large_image\" class=\"yoast-seo-meta-tag\" \/>\n<meta name=\"twitter:label1\" content=\"Estimation du temps de lecture\" class=\"yoast-seo-meta-tag\" \/>\n\t<meta name=\"twitter:data1\" content=\"1 minute\" class=\"yoast-seo-meta-tag\" \/>\n<!-- \/ Yoast SEO plugin. -->","yoast_head_json":{"title":"Merci d'avoir t\u00e9l\u00e9charg\u00e9 notre livre blanc sur le service national de d\u00e9rivation.","robots":{"index":"noindex","follow":"follow"},"og_locale":"fr_CA","og_type":"article","og_title":"Thank you for downloading our white paper | National Shunt Service","og_description":"Please check your email inbox for a link to download the white paper or click the download link below.","og_url":"https:\/\/www.nationalshunt.com\/frn\/livre-blanc-merci\/","og_site_name":"National Shunt Service","article_modified_time":"2022-11-18T18:19:46+00:00","twitter_card":"summary_large_image","twitter_misc":{"Estimation du temps de lecture":"1 minute"},"schema":{"@context":"https:\/\/schema.org","@graph":[{"@type":"WebPage","@id":"https:\/\/www.nationalshunt.com\/white-paper-thank-you\/","url":"https:\/\/www.nationalshunt.com\/white-paper-thank-you\/","name":"Merci d'avoir t\u00e9l\u00e9charg\u00e9 notre livre blanc sur le service national de d\u00e9rivation.","isPartOf":{"@id":"https:\/\/www.nationalshunt.com\/#website"},"datePublished":"2018-12-03T19:50:52+00:00","dateModified":"2022-11-18T18:19:46+00:00","breadcrumb":{"@id":"https:\/\/www.nationalshunt.com\/white-paper-thank-you\/#breadcrumb"},"inLanguage":"fr-CA","potentialAction":[{"@type":"ReadAction","target":["https:\/\/www.nationalshunt.com\/white-paper-thank-you\/"]}]},{"@type":"BreadcrumbList","@id":"https:\/\/www.nationalshunt.com\/white-paper-thank-you\/#breadcrumb","itemListElement":[{"@type":"ListItem","position":1,"name":"Home","item":"https:\/\/www.nationalshunt.com\/"},{"@type":"ListItem","position":2,"name":"Thank you for downloading our white paper"}]},{"@type":"WebSite","@id":"https:\/\/www.nationalshunt.com\/#website","url":"https:\/\/www.nationalshunt.com\/","name":"Service national de shunt","description":"","potentialAction":[{"@type":"SearchAction","target":{"@type":"EntryPoint","urlTemplate":"https:\/\/www.nationalshunt.com\/?s={search_term_string}"},"query-input":{"@type":"PropertyValueSpecification","valueRequired":true,"valueName":"search_term_string"}}],"inLanguage":"fr-CA"}]}},"_links":{"self":[{"href":"https:\/\/www.nationalshunt.com\/frn\/wp-json\/wp\/v2\/pages\/1833","targetHints":{"allow":["GET"]}}],"collection":[{"href":"https:\/\/www.nationalshunt.com\/frn\/wp-json\/wp\/v2\/pages"}],"about":[{"href":"https:\/\/www.nationalshunt.com\/frn\/wp-json\/wp\/v2\/types\/page"}],"author":[{"embeddable":true,"href":"https:\/\/www.nationalshunt.com\/frn\/wp-json\/wp\/v2\/users\/13"}],"replies":[{"embeddable":true,"href":"https:\/\/www.nationalshunt.com\/frn\/wp-json\/wp\/v2\/comments?post=1833"}],"version-history":[{"count":0,"href":"https:\/\/www.nationalshunt.com\/frn\/wp-json\/wp\/v2\/pages\/1833\/revisions"}],"wp:attachment":[{"href":"https:\/\/www.nationalshunt.com\/frn\/wp-json\/wp\/v2\/media?parent=1833"}],"curies":[{"name":"wp","href":"https:\/\/api.w.org\/{rel}","templated":true}]}}